{"id":10,"date":"2015-08-25T08:21:39","date_gmt":"2015-08-25T06:21:39","guid":{"rendered":"http:\/\/www.vonicka.eu\/?page_id=10"},"modified":"2023-07-05T22:31:41","modified_gmt":"2023-07-05T20:31:41","slug":"repertoar","status":"publish","type":"page","link":"https:\/\/www.vonicka.eu\/?page_id=10","title":{"rendered":"Reperto\u00e1r"},"content":{"rendered":"<p>V pr\u016fb\u011bhu sv\u00e9ho trv\u00e1n\u00ed nacvi\u010dily v\u0161echny skupiny souboru \u0159adu p\u00e1sem. N\u011bkter\u00e1 z nich z\u016fst\u00e1vaj\u00ed v reperto\u00e1ru trvale, n\u011bkter\u00e1 ukl\u00e1d\u00e1me a zase vytahujeme ze \u201e\u0161upl\u00edku.\u201c Pravideln\u011b tak\u00e9 tvo\u0159\u00edme a nacvi\u010dujeme nov\u00e1 p\u00e1sma.<\/p>\n<p>Do sv\u00fdch po\u0159ad\u016f vyb\u00edr\u00e1me z t\u011bchto p\u00e1sem:<\/p>\n<p><b>Voni\u010dka I.<\/b><\/p>\n<p>\u201eU muziky\u201c<\/p>\n<p>\u201eCo my m\u00e1me na zahrad\u011b\u201c<br \/>\n<a href=\"http:\/\/www.vonicka.unas.cz\/Zdroje\/Repertoar\/I\/co_my_mame1.jpg\" target=\"_blank\" rel=\"noopener\"><img decoding=\"async\" src=\"http:\/\/www.vonicka.unas.cz\/Zdroje\/Repertoar\/I\/th_co_my_mame1.jpg\" alt=\"\" \/><\/a> <a href=\"http:\/\/www.vonicka.unas.cz\/Zdroje\/Repertoar\/I\/co_my_mame2.jpg\" target=\"_blank\" rel=\"noopener\"><img decoding=\"async\" src=\"http:\/\/www.vonicka.unas.cz\/Zdroje\/Repertoar\/I\/th_co_my_mame2.jpg\" alt=\"\" \/><\/a><\/p>\n<p>\u201eO pt\u00e1\u010dkoch\u201c<br \/>\n<a href=\"http:\/\/www.vonicka.unas.cz\/Zdroje\/Repertoar\/I\/o_ptackoch1.jpg\" target=\"_blank\" rel=\"noopener\"><img decoding=\"async\" src=\"http:\/\/www.vonicka.unas.cz\/Zdroje\/Repertoar\/I\/th_o_ptackoch1.jpg\" alt=\"\" \/><\/a> <a href=\"http:\/\/www.vonicka.unas.cz\/Zdroje\/Repertoar\/I\/o_ptackoch2.jpg\" target=\"_blank\" rel=\"noopener\"><img decoding=\"async\" src=\"http:\/\/www.vonicka.unas.cz\/Zdroje\/Repertoar\/I\/th_o_ptackoch2.jpg\" alt=\"\" \/><\/a><\/p>\n<p>\u201eHrajeme si cel\u00fd rok\u201c<br \/>\n<a href=\"http:\/\/www.vonicka.unas.cz\/Zdroje\/Repertoar\/I\/hrajeme_si1.jpg\" target=\"_blank\" rel=\"noopener\"><img decoding=\"async\" src=\"http:\/\/www.vonicka.unas.cz\/Zdroje\/Repertoar\/I\/th_hrajeme_si1.jpg\" alt=\"\" \/><\/a> <a href=\"http:\/\/www.vonicka.unas.cz\/Zdroje\/Repertoar\/I\/hrajeme_si2.jpg\" target=\"_blank\" rel=\"noopener\"><img decoding=\"async\" src=\"http:\/\/www.vonicka.unas.cz\/Zdroje\/Repertoar\/I\/th_hrajeme_si2.jpg\" alt=\"\" \/><\/a><\/p>\n<p>\u201eM\u00e1me hrnce \u010f\u00farav\u00e9\u201c<br \/>\n<a href=\"http:\/\/www.vonicka.unas.cz\/Zdroje\/Repertoar\/I\/hrnce_durave1.jpg\" target=\"_blank\" rel=\"noopener\"><img decoding=\"async\" src=\"http:\/\/www.vonicka.unas.cz\/Zdroje\/Repertoar\/I\/th_hrnce_durave1.jpg\" alt=\"\" \/><\/a> <a href=\"http:\/\/www.vonicka.unas.cz\/Zdroje\/Repertoar\/I\/hrnce_durave2.jpg\" target=\"_blank\" rel=\"noopener\"><img decoding=\"async\" src=\"http:\/\/www.vonicka.unas.cz\/Zdroje\/Repertoar\/I\/th_hrnce_durave2.jpg\" alt=\"\" \/><\/a> <a href=\"http:\/\/www.vonicka.unas.cz\/Zdroje\/Repertoar\/I\/hrnce_durave3.jpg\" target=\"_blank\" rel=\"noopener\"><img decoding=\"async\" src=\"http:\/\/www.vonicka.unas.cz\/Zdroje\/Repertoar\/I\/th_hrnce_durave3.jpg\" alt=\"\" \/><\/a> <a href=\"http:\/\/www.vonicka.unas.cz\/Zdroje\/Repertoar\/I\/hrnce_durave4.jpg\" target=\"_blank\" rel=\"noopener\"><img decoding=\"async\" src=\"http:\/\/www.vonicka.unas.cz\/Zdroje\/Repertoar\/I\/th_hrnce_durave4.jpg\" alt=\"\" \/><\/a><\/p>\n<p>\u201eNa pastv\u011b&#8220;<\/p>\n<hr \/>\n<p>&nbsp;<\/p>\n<p><b>Voni\u010dka II.<\/b><\/p>\n<p>\u201eO zelenej sukni\u201c<br \/>\n<a href=\"http:\/\/www.vonicka.unas.cz\/Zdroje\/Repertoar\/II\/sukna1.jpg\" target=\"_blank\" rel=\"noopener\"><img decoding=\"async\" src=\"http:\/\/www.vonicka.unas.cz\/Zdroje\/Repertoar\/II\/th_sukna1.jpg\" alt=\"\" \/><\/a> <a href=\"http:\/\/www.vonicka.unas.cz\/Zdroje\/Repertoar\/II\/sukna2.jpg\" target=\"_blank\" rel=\"noopener\"><img decoding=\"async\" src=\"http:\/\/www.vonicka.unas.cz\/Zdroje\/Repertoar\/II\/th_sukna2.jpg\" alt=\"\" \/><\/a> <a href=\"http:\/\/www.vonicka.unas.cz\/Zdroje\/Repertoar\/II\/sukna3.jpg\" target=\"_blank\" rel=\"noopener\"><img decoding=\"async\" src=\"http:\/\/www.vonicka.unas.cz\/Zdroje\/Repertoar\/II\/th_sukna3.jpg\" alt=\"\" \/><\/a> <a href=\"http:\/\/www.vonicka.unas.cz\/Zdroje\/Repertoar\/II\/sukna4.jpg\" target=\"_blank\" rel=\"noopener\"><img decoding=\"async\" src=\"http:\/\/www.vonicka.unas.cz\/Zdroje\/Repertoar\/II\/th_sukna4.jpg\" alt=\"\" \/><\/a><\/p>\n<p>\u201eNa tr\u00e1v\u011b\u201c<br \/>\n<a href=\"http:\/\/www.vonicka.unas.cz\/Zdroje\/Repertoar\/II\/na_trave1.jpg\" target=\"_blank\" rel=\"noopener\"><img decoding=\"async\" src=\"http:\/\/www.vonicka.unas.cz\/Zdroje\/Repertoar\/II\/th_na_trave1.jpg\" alt=\"\" \/><\/a> <a href=\"http:\/\/www.vonicka.unas.cz\/Zdroje\/Repertoar\/II\/na_trave2.jpg\" target=\"_blank\" rel=\"noopener\"><img decoding=\"async\" src=\"http:\/\/www.vonicka.unas.cz\/Zdroje\/Repertoar\/II\/th_na_trave2.jpg\" alt=\"\" \/><\/a> <a href=\"http:\/\/www.vonicka.unas.cz\/Zdroje\/Repertoar\/II\/na_trave3.jpg\" target=\"_blank\" rel=\"noopener\"><img decoding=\"async\" src=\"http:\/\/www.vonicka.unas.cz\/Zdroje\/Repertoar\/II\/th_na_trave3.jpg\" alt=\"\" \/><\/a> <a href=\"http:\/\/www.vonicka.unas.cz\/Zdroje\/Repertoar\/II\/na_trave4.jpg\" target=\"_blank\" rel=\"noopener\"><img decoding=\"async\" src=\"http:\/\/www.vonicka.unas.cz\/Zdroje\/Repertoar\/II\/th_na_trave4.jpg\" alt=\"\" \/><\/a> <a href=\"http:\/\/www.vonicka.unas.cz\/Zdroje\/Repertoar\/II\/na_trave5.jpg\" target=\"_blank\" rel=\"noopener\"><img decoding=\"async\" src=\"http:\/\/www.vonicka.unas.cz\/Zdroje\/Repertoar\/II\/th_na_trave5.jpg\" alt=\"\" \/><\/a><br \/>\n<a href=\"http:\/\/www.vonicka.unas.cz\/Zdroje\/Repertoar\/II\/na_trave6.jpg\" target=\"_blank\" rel=\"noopener\"><img decoding=\"async\" src=\"http:\/\/www.vonicka.unas.cz\/Zdroje\/Repertoar\/II\/th_na_trave6.jpg\" alt=\"\" \/><\/a> <a href=\"http:\/\/www.vonicka.unas.cz\/Zdroje\/Repertoar\/II\/na_trave7.jpg\" target=\"_blank\" rel=\"noopener\"><img decoding=\"async\" src=\"http:\/\/www.vonicka.unas.cz\/Zdroje\/Repertoar\/II\/th_na_trave7.jpg\" alt=\"\" \/><\/a> <a href=\"http:\/\/www.vonicka.unas.cz\/Zdroje\/Repertoar\/II\/na_trave8.jpg\" target=\"_blank\" rel=\"noopener\"><img decoding=\"async\" src=\"http:\/\/www.vonicka.unas.cz\/Zdroje\/Repertoar\/II\/th_na_trave8.jpg\" alt=\"\" \/><\/a><\/p>\n<p>\u201eKon\u011b v cibuli\u201c<br \/>\n<a href=\"http:\/\/www.vonicka.unas.cz\/Zdroje\/Repertoar\/II\/kone_v_cibuli1.jpg\" target=\"_blank\" rel=\"noopener\"><img decoding=\"async\" src=\"http:\/\/www.vonicka.unas.cz\/Zdroje\/Repertoar\/II\/th_kone_v_cibuli1.jpg\" alt=\"\" \/><\/a> <a href=\"http:\/\/www.vonicka.unas.cz\/Zdroje\/Repertoar\/II\/kone_v_cibuli2.jpg\" target=\"_blank\" rel=\"noopener\"><img decoding=\"async\" src=\"http:\/\/www.vonicka.unas.cz\/Zdroje\/Repertoar\/II\/th_kone_v_cibuli2.jpg\" alt=\"\" \/><\/a> <a href=\"http:\/\/www.vonicka.unas.cz\/Zdroje\/Repertoar\/II\/kone_v_cibuli4.jpg\" target=\"_blank\" rel=\"noopener\"><img decoding=\"async\" src=\"http:\/\/www.vonicka.unas.cz\/Zdroje\/Repertoar\/II\/th_kone_v_cibuli4.jpg\" alt=\"\" \/><\/a><\/p>\n<p>\u201eV B\u0159eclav\u011b na rynku\u201c<br \/>\n<a href=\"http:\/\/www.vonicka.unas.cz\/Zdroje\/Repertoar\/II\/v_breclave1.jpg\" target=\"_blank\" rel=\"noopener\"><img decoding=\"async\" src=\"http:\/\/www.vonicka.unas.cz\/Zdroje\/Repertoar\/II\/th_v_breclave1.jpg\" alt=\"\" \/><\/a> <a href=\"http:\/\/www.vonicka.unas.cz\/Zdroje\/Repertoar\/II\/v_breclave2.jpg\" target=\"_blank\" rel=\"noopener\"><img decoding=\"async\" src=\"http:\/\/www.vonicka.unas.cz\/Zdroje\/Repertoar\/II\/th_v_breclave2.jpg\" alt=\"\" \/><\/a> <a href=\"http:\/\/www.vonicka.unas.cz\/Zdroje\/Repertoar\/II\/v_breclave3.jpg\" target=\"_blank\" rel=\"noopener\"><img decoding=\"async\" src=\"http:\/\/www.vonicka.unas.cz\/Zdroje\/Repertoar\/II\/th_v_breclave3.jpg\" alt=\"\" \/><\/a><\/p>\n<p>slov\u00e1ck\u00fd odzemek<br \/>\n<a href=\"http:\/\/www.vonicka.unas.cz\/Zdroje\/Repertoar\/II\/odzemek1.jpg\" target=\"_blank\" rel=\"noopener\"><img decoding=\"async\" src=\"http:\/\/www.vonicka.unas.cz\/Zdroje\/Repertoar\/II\/th_odzemek1.jpg\" alt=\"\" \/><\/a> <a href=\"http:\/\/www.vonicka.unas.cz\/Zdroje\/Repertoar\/II\/odzemek2.jpg\" target=\"_blank\" rel=\"noopener\"><img decoding=\"async\" src=\"http:\/\/www.vonicka.unas.cz\/Zdroje\/Repertoar\/II\/th_odzemek2.jpg\" alt=\"\" \/><\/a> <a href=\"http:\/\/www.vonicka.unas.cz\/Zdroje\/Repertoar\/II\/odzemek3.jpg\" target=\"_blank\" rel=\"noopener\"><img decoding=\"async\" src=\"http:\/\/www.vonicka.unas.cz\/Zdroje\/Repertoar\/II\/th_odzemek3.jpg\" alt=\"\" \/><\/a><\/p>\n<p>dol\u0148\u00e1ck\u00fd verbu\u0148k<br \/>\n<a href=\"http:\/\/www.vonicka.unas.cz\/Zdroje\/Repertoar\/II\/verbunk_z_dolnacka1.jpg\" target=\"_blank\" rel=\"noopener\"><img decoding=\"async\" src=\"http:\/\/www.vonicka.unas.cz\/Zdroje\/Repertoar\/II\/th_verbunk_z_dolnacka1.jpg\" alt=\"\" \/><\/a> <a href=\"http:\/\/www.vonicka.unas.cz\/Zdroje\/Repertoar\/II\/verbunk_z_dolnacka2.jpg\" target=\"_blank\" rel=\"noopener\"><img decoding=\"async\" src=\"http:\/\/www.vonicka.unas.cz\/Zdroje\/Repertoar\/II\/th_verbunk_z_dolnacka2.jpg\" alt=\"\" \/><\/a> <a href=\"http:\/\/www.vonicka.unas.cz\/Zdroje\/Repertoar\/II\/verbunk_z_dolnacka3.jpg\" target=\"_blank\" rel=\"noopener\"><img decoding=\"async\" src=\"http:\/\/www.vonicka.unas.cz\/Zdroje\/Repertoar\/II\/th_verbunk_z_dolnacka3.jpg\" alt=\"\" \/><\/a> <a href=\"http:\/\/www.vonicka.unas.cz\/Zdroje\/Repertoar\/II\/verbunk_z_dolnacka4.jpg\" target=\"_blank\" rel=\"noopener\"><img decoding=\"async\" src=\"http:\/\/www.vonicka.unas.cz\/Zdroje\/Repertoar\/II\/th_verbunk_z_dolnacka4.jpg\" alt=\"\" \/><\/a><\/p>\n<p>&#8222;Kdy\u017e sem sl\u00fa\u017eil&#8220;<br \/>\n<a href=\"http:\/\/www.vonicka.unas.cz\/Zdroje\/Repertoar\/II\/kdyz_sem_sluzil1.jpg\" target=\"_blank\" rel=\"noopener\"><img decoding=\"async\" src=\"http:\/\/www.vonicka.unas.cz\/Zdroje\/Repertoar\/II\/th_kdyz_sem_sluzil1.jpg\" alt=\"\" \/><\/a> <a href=\"http:\/\/www.vonicka.unas.cz\/Zdroje\/Repertoar\/II\/kdyz_sem_sluzil2.jpg\" target=\"_blank\" rel=\"noopener\"><img decoding=\"async\" src=\"http:\/\/www.vonicka.unas.cz\/Zdroje\/Repertoar\/II\/th_kdyz_sem_sluzil2.jpg\" alt=\"\" \/><\/a> <a href=\"http:\/\/www.vonicka.unas.cz\/Zdroje\/Repertoar\/II\/kdyz_sem_sluzil3.jpg\" target=\"_blank\" rel=\"noopener\"><img decoding=\"async\" src=\"http:\/\/www.vonicka.unas.cz\/Zdroje\/Repertoar\/II\/th_kdyz_sem_sluzil3.jpg\" alt=\"\" \/><\/a> <a href=\"http:\/\/www.vonicka.unas.cz\/Zdroje\/Repertoar\/II\/kdyz_sem_sluzil4.jpg\" target=\"_blank\" rel=\"noopener\"><img decoding=\"async\" src=\"http:\/\/www.vonicka.unas.cz\/Zdroje\/Repertoar\/II\/th_kdyz_sem_sluzil4.jpg\" alt=\"\" \/><\/a> <a href=\"http:\/\/www.vonicka.unas.cz\/Zdroje\/Repertoar\/II\/kdyz_sem_sluzil5.jpg\" target=\"_blank\" rel=\"noopener\"><img decoding=\"async\" src=\"http:\/\/www.vonicka.unas.cz\/Zdroje\/Repertoar\/II\/th_kdyz_sem_sluzil5.jpg\" alt=\"\" \/><\/a><\/p>\n<p>&#8222;Va\u0159aje \u010dapat\u00e9&#8220;<br \/>\n<a href=\"http:\/\/www.vonicka.unas.cz\/Zdroje\/Repertoar\/II\/varaje1.jpg\" target=\"_blank\" rel=\"noopener\"><img decoding=\"async\" src=\"http:\/\/www.vonicka.unas.cz\/Zdroje\/Repertoar\/II\/th_varaje1.jpg\" alt=\"\" \/><\/a> <a href=\"http:\/\/www.vonicka.unas.cz\/Zdroje\/Repertoar\/II\/varaje2.jpg\" target=\"_blank\" rel=\"noopener\"><img decoding=\"async\" src=\"http:\/\/www.vonicka.unas.cz\/Zdroje\/Repertoar\/II\/th_varaje2.jpg\" alt=\"\" \/><\/a> <a href=\"http:\/\/www.vonicka.unas.cz\/Zdroje\/Repertoar\/II\/varaje3.jpg\" target=\"_blank\" rel=\"noopener\"><img decoding=\"async\" src=\"http:\/\/www.vonicka.unas.cz\/Zdroje\/Repertoar\/II\/th_varaje3.jpg\" alt=\"\" \/><\/a><br \/>\n<a href=\"http:\/\/www.vonicka.unas.cz\/Zdroje\/Repertoar\/II\/varaje4.jpg\" target=\"_blank\" rel=\"noopener\"><img decoding=\"async\" src=\"http:\/\/www.vonicka.unas.cz\/Zdroje\/Repertoar\/II\/th_varaje4.jpg\" alt=\"\" \/><\/a> <a href=\"http:\/\/www.vonicka.unas.cz\/Zdroje\/Repertoar\/II\/varaje5.jpg\" target=\"_blank\" rel=\"noopener\"><img decoding=\"async\" src=\"http:\/\/www.vonicka.unas.cz\/Zdroje\/Repertoar\/II\/th_varaje5.jpg\" alt=\"\" \/><\/a> <a href=\"http:\/\/www.vonicka.unas.cz\/Zdroje\/Repertoar\/II\/varaje6.jpg\" target=\"_blank\" rel=\"noopener\"><img decoding=\"async\" src=\"http:\/\/www.vonicka.unas.cz\/Zdroje\/Repertoar\/II\/th_varaje6.jpg\" alt=\"\" \/><\/a><\/p>\n<p>&#8222;Vod\u011bnka \u010dist\u00e1&#8220;<br \/>\n<a href=\"http:\/\/www.vonicka.unas.cz\/Zdroje\/Repertoar\/II\/voda1.JPG\" target=\"_blank\" rel=\"noopener\"><img decoding=\"async\" src=\"http:\/\/www.vonicka.unas.cz\/Zdroje\/Repertoar\/II\/th_voda1.JPG\" alt=\"\" \/><\/a> <a href=\"http:\/\/www.vonicka.unas.cz\/Zdroje\/Repertoar\/II\/voda2.JPG\" target=\"_blank\" rel=\"noopener\"><img decoding=\"async\" src=\"http:\/\/www.vonicka.unas.cz\/Zdroje\/Repertoar\/II\/th_voda2.JPG\" alt=\"\" \/><\/a> <a href=\"http:\/\/www.vonicka.unas.cz\/Zdroje\/Repertoar\/II\/voda3.JPG\" target=\"_blank\" rel=\"noopener\"><img decoding=\"async\" src=\"http:\/\/www.vonicka.unas.cz\/Zdroje\/Repertoar\/II\/th_voda3.JPG\" alt=\"\" \/><\/a><\/p>\n<p>&#8222;V Tvrdonic\u00e1ch&#8220;<\/p>\n<p><a href=\"http:\/\/www.vonicka.eu\/wp-content\/uploads\/2015\/08\/10606486_869940923123312_3953669652416486672_n.jpg\"><img loading=\"lazy\" decoding=\"async\" class=\"alignnone wp-image-177\" src=\"http:\/\/www.vonicka.eu\/wp-content\/uploads\/2015\/08\/10606486_869940923123312_3953669652416486672_n-300x214.jpg\" alt=\"10606486_869940923123312_3953669652416486672_n\" width=\"252\" height=\"180\" srcset=\"https:\/\/www.vonicka.eu\/wp-content\/uploads\/2015\/08\/10606486_869940923123312_3953669652416486672_n-300x214.jpg 300w, https:\/\/www.vonicka.eu\/wp-content\/uploads\/2015\/08\/10606486_869940923123312_3953669652416486672_n.jpg 960w\" sizes=\"(max-width: 252px) 100vw, 252px\" \/><\/a><a href=\"http:\/\/www.vonicka.eu\/wp-content\/uploads\/2015\/08\/1917396_869941019789969_1583739157450874912_n.jpg\">\u00a0 <img loading=\"lazy\" decoding=\"async\" class=\"alignnone wp-image-175\" src=\"http:\/\/www.vonicka.eu\/wp-content\/uploads\/2015\/08\/1917396_869941019789969_1583739157450874912_n-300x182.jpg\" alt=\"1917396_869941019789969_1583739157450874912_n\" width=\"227\" height=\"138\" srcset=\"https:\/\/www.vonicka.eu\/wp-content\/uploads\/2015\/08\/1917396_869941019789969_1583739157450874912_n-300x182.jpg 300w, https:\/\/www.vonicka.eu\/wp-content\/uploads\/2015\/08\/1917396_869941019789969_1583739157450874912_n.jpg 960w\" sizes=\"(max-width: 227px) 100vw, 227px\" \/> \u00a0<\/a><a href=\"http:\/\/www.vonicka.eu\/wp-content\/uploads\/2015\/08\/1919064_869941213123283_8563629885419470085_n.jpg\"><img loading=\"lazy\" decoding=\"async\" class=\"alignnone wp-image-176\" src=\"http:\/\/www.vonicka.eu\/wp-content\/uploads\/2015\/08\/1919064_869941213123283_8563629885419470085_n-269x300.jpg\" alt=\"1919064_869941213123283_8563629885419470085_n\" width=\"164\" height=\"183\" srcset=\"https:\/\/www.vonicka.eu\/wp-content\/uploads\/2015\/08\/1919064_869941213123283_8563629885419470085_n-269x300.jpg 269w, https:\/\/www.vonicka.eu\/wp-content\/uploads\/2015\/08\/1919064_869941213123283_8563629885419470085_n.jpg 862w\" sizes=\"(max-width: 164px) 100vw, 164px\" \/><\/a><\/p>\n<p>&#8222;Tajemstv\u00ed z h\u016fry&#8220;<\/p>\n<p>&nbsp;<\/p>\n<p><strong>Voni\u010dka III<\/strong><\/p>\n<p>&#8222;Z\u00e1les\u00ed &#8211; Dobrkovsk\u00e1 sedlck\u00e1&#8220;<br \/>\n<a href=\"http:\/\/www.vonicka.unas.cz\/Zdroje\/Repertoar\/III\/zalesi1.JPG\" target=\"_blank\" rel=\"noopener\"><img decoding=\"async\" src=\"http:\/\/www.vonicka.unas.cz\/Zdroje\/Repertoar\/III\/th_zalesi1.JPG\" alt=\"\" \/><\/a> <a href=\"http:\/\/www.vonicka.unas.cz\/Zdroje\/Repertoar\/III\/zalesi2.JPG\" target=\"_blank\" rel=\"noopener\"><img decoding=\"async\" src=\"http:\/\/www.vonicka.unas.cz\/Zdroje\/Repertoar\/III\/th_zalesi2.JPG\" alt=\"\" \/><\/a> <a href=\"http:\/\/www.vonicka.unas.cz\/Zdroje\/Repertoar\/III\/zalesi3.JPG\" target=\"_blank\" rel=\"noopener\"><img decoding=\"async\" src=\"http:\/\/www.vonicka.unas.cz\/Zdroje\/Repertoar\/III\/th_zalesi3.JPG\" alt=\"\" \/><\/a><\/p>\n<p>\u201eB\u00edlovsk\u00e9\u201c<br \/>\n<a href=\"http:\/\/www.vonicka.unas.cz\/Zdroje\/Repertoar\/III\/bilovske1.jpg\" target=\"_blank\" rel=\"noopener\"><img decoding=\"async\" src=\"http:\/\/www.vonicka.unas.cz\/Zdroje\/Repertoar\/III\/th_bilovske1.jpg\" alt=\"\" \/><\/a> <a href=\"http:\/\/www.vonicka.unas.cz\/Zdroje\/Repertoar\/III\/bilovske2.jpg\" target=\"_blank\" rel=\"noopener\"><img decoding=\"async\" src=\"http:\/\/www.vonicka.unas.cz\/Zdroje\/Repertoar\/III\/th_bilovske2.jpg\" alt=\"\" \/><\/a> <a href=\"http:\/\/www.vonicka.unas.cz\/Zdroje\/Repertoar\/III\/bilovske3.jpg\" target=\"_blank\" rel=\"noopener\"><img decoding=\"async\" src=\"http:\/\/www.vonicka.unas.cz\/Zdroje\/Repertoar\/III\/th_bilovske3.jpg\" alt=\"\" \/><\/a> <a href=\"http:\/\/www.vonicka.unas.cz\/Zdroje\/Repertoar\/III\/bilovske4.jpg\" target=\"_blank\" rel=\"noopener\"><img decoding=\"async\" src=\"http:\/\/www.vonicka.unas.cz\/Zdroje\/Repertoar\/III\/th_bilovske4.jpg\" alt=\"\" \/><\/a><\/p>\n<p>\u201eNa stejn\u00fa note\u010dku\u201c<br \/>\n<a href=\"http:\/\/www.vonicka.unas.cz\/Zdroje\/Repertoar\/III\/na_stejnu1.jpg\" target=\"_blank\" rel=\"noopener\"><img decoding=\"async\" src=\"http:\/\/www.vonicka.unas.cz\/Zdroje\/Repertoar\/III\/th_na_stejnu1.jpg\" alt=\"\" \/><\/a> <a href=\"http:\/\/www.vonicka.unas.cz\/Zdroje\/Repertoar\/III\/na_stejnu2.jpg\" target=\"_blank\" rel=\"noopener\"><img decoding=\"async\" src=\"http:\/\/www.vonicka.unas.cz\/Zdroje\/Repertoar\/III\/th_na_stejnu2.jpg\" alt=\"\" \/><\/a> <a href=\"http:\/\/www.vonicka.unas.cz\/Zdroje\/Repertoar\/III\/na_stejnu3.jpg\" target=\"_blank\" rel=\"noopener\"><img decoding=\"async\" src=\"http:\/\/www.vonicka.unas.cz\/Zdroje\/Repertoar\/III\/th_na_stejnu3.jpg\" alt=\"\" \/><\/a> <a href=\"http:\/\/www.vonicka.unas.cz\/Zdroje\/Repertoar\/III\/na_stejnu4.jpg\" target=\"_blank\" rel=\"noopener\"><img decoding=\"async\" src=\"http:\/\/www.vonicka.unas.cz\/Zdroje\/Repertoar\/III\/th_na_stejnu4.jpg\" alt=\"\" \/><\/a> <a href=\"http:\/\/www.vonicka.unas.cz\/Zdroje\/Repertoar\/III\/na_stejnu5.jpg\" target=\"_blank\" rel=\"noopener\"><img decoding=\"async\" src=\"http:\/\/www.vonicka.unas.cz\/Zdroje\/Repertoar\/III\/th_na_stejnu5.jpg\" alt=\"\" \/><\/a><\/p>\n<p>\u201eKopani\u010d\u00e1\u0159sk\u00fd \u010dard\u00e1\u0161\u201c<br \/>\n<a href=\"http:\/\/www.vonicka.unas.cz\/Zdroje\/Repertoar\/III\/kopanice1.jpg\" target=\"_blank\" rel=\"noopener\"><img decoding=\"async\" src=\"http:\/\/www.vonicka.unas.cz\/Zdroje\/Repertoar\/III\/th_kopanice1.jpg\" alt=\"\" \/><\/a> <a href=\"http:\/\/www.vonicka.unas.cz\/Zdroje\/Repertoar\/III\/kopanice2.jpg\" target=\"_blank\" rel=\"noopener\"><img decoding=\"async\" src=\"http:\/\/www.vonicka.unas.cz\/Zdroje\/Repertoar\/III\/th_kopanice2.jpg\" alt=\"\" \/><\/a> <a href=\"http:\/\/www.vonicka.unas.cz\/Zdroje\/Repertoar\/III\/kopanice3.jpg\" target=\"_blank\" rel=\"noopener\"><img decoding=\"async\" src=\"http:\/\/www.vonicka.unas.cz\/Zdroje\/Repertoar\/III\/th_kopanice3.jpg\" alt=\"\" \/><\/a> <a href=\"http:\/\/www.vonicka.unas.cz\/Zdroje\/Repertoar\/III\/kopanice4.jpg\" target=\"_blank\" rel=\"noopener\"><img decoding=\"async\" src=\"http:\/\/www.vonicka.unas.cz\/Zdroje\/Repertoar\/III\/th_kopanice4.jpg\" alt=\"\" \/><\/a><\/p>\n<p>\u201eKlbov\u00fd od Tren\u010d\u00edna\u201c<br \/>\n<a href=\"http:\/\/www.vonicka.unas.cz\/Zdroje\/Repertoar\/III\/klbovy1.jpg\" target=\"_blank\" rel=\"noopener\"><img decoding=\"async\" src=\"http:\/\/www.vonicka.unas.cz\/Zdroje\/Repertoar\/III\/th_klbovy1.jpg\" alt=\"\" \/><\/a> <a href=\"http:\/\/www.vonicka.unas.cz\/Zdroje\/Repertoar\/III\/klbovy2.jpg\" target=\"_blank\" rel=\"noopener\"><img decoding=\"async\" src=\"http:\/\/www.vonicka.unas.cz\/Zdroje\/Repertoar\/III\/th_klbovy2.jpg\" alt=\"\" \/><\/a> <a href=\"http:\/\/www.vonicka.unas.cz\/Zdroje\/Repertoar\/III\/klbovy3.jpg\" target=\"_blank\" rel=\"noopener\"><img decoding=\"async\" src=\"http:\/\/www.vonicka.unas.cz\/Zdroje\/Repertoar\/III\/th_klbovy3.jpg\" alt=\"\" \/><\/a><br \/>\n<a href=\"http:\/\/www.vonicka.unas.cz\/Zdroje\/Repertoar\/III\/klbovy4.jpg\" target=\"_blank\" rel=\"noopener\"><img decoding=\"async\" src=\"http:\/\/www.vonicka.unas.cz\/Zdroje\/Repertoar\/III\/th_klbovy4.jpg\" alt=\"\" \/><\/a> <a href=\"http:\/\/www.vonicka.unas.cz\/Zdroje\/Repertoar\/III\/klbovy5.jpg\" target=\"_blank\" rel=\"noopener\"><img decoding=\"async\" src=\"http:\/\/www.vonicka.unas.cz\/Zdroje\/Repertoar\/III\/th_klbovy5.jpg\" alt=\"\" \/><\/a> ma\u010farsk\u00fd tanec s lahvemi \u201e\u00dcweges\u201c<\/p>\n<p>&#8222;Huck\u00e9 sedlck\u00e9&#8220;<\/p>\n<p>&#8222;Sl\u00e1me\u010dkov\u00fd&#8220;<br \/>\n<a href=\"http:\/\/www.vonicka.unas.cz\/Zdroje\/Repertoar\/III\/uveges1.jpg\" target=\"_blank\" rel=\"noopener\"><img decoding=\"async\" src=\"http:\/\/www.vonicka.unas.cz\/Zdroje\/Repertoar\/III\/th_uveges1.jpg\" alt=\"\" \/><\/a> <a href=\"http:\/\/www.vonicka.unas.cz\/Zdroje\/Repertoar\/III\/uveges2.jpg\" target=\"_blank\" rel=\"noopener\"><img decoding=\"async\" src=\"http:\/\/www.vonicka.unas.cz\/Zdroje\/Repertoar\/III\/th_uveges2.jpg\" alt=\"\" \/><\/a> <a href=\"http:\/\/www.vonicka.unas.cz\/Zdroje\/Repertoar\/III\/uveges3.jpg\" target=\"_blank\" rel=\"noopener\"><img decoding=\"async\" src=\"http:\/\/www.vonicka.unas.cz\/Zdroje\/Repertoar\/III\/th_uveges3.jpg\" alt=\"\" \/><\/a> <a href=\"http:\/\/www.vonicka.unas.cz\/Zdroje\/Repertoar\/III\/uveges4.jpg\" target=\"_blank\" rel=\"noopener\"><img decoding=\"async\" src=\"http:\/\/www.vonicka.unas.cz\/Zdroje\/Repertoar\/III\/th_uveges4.jpg\" alt=\"\" \/><\/a> <a href=\"http:\/\/www.vonicka.unas.cz\/Zdroje\/Repertoar\/III\/uveges5.jpg\" target=\"_blank\" rel=\"noopener\"><img decoding=\"async\" src=\"http:\/\/www.vonicka.unas.cz\/Zdroje\/Repertoar\/III\/th_uveges5.jpg\" alt=\"\" \/><\/a><\/p>\n<hr \/>\n<p>&nbsp;<\/p>\n<p>Do souborov\u00fdch akc\u00ed ale nepat\u0159\u00ed jenom n\u00e1cviky a vystoupen\u00ed, ale i pravideln\u00e1 soust\u0159ed\u011bn\u00ed. Na t\u011bchto se st\u0159\u00edd\u00e1 \u201epr\u00e1ce\u201c s odpo\u010dinkem a z\u00e1bavou. V posledn\u00edch letech jezd\u00ed Voni\u010dka I spole\u010dn\u011b s Voni\u010dkou III a jsme v\u017edy r\u00e1di, kdy\u017e se k n\u00e1m p\u0159ipoj\u00ed i CM Pal\u00e9ska.<\/p>\n<p>Na\u0161i malo\u0161ci, tj.Voni\u010dka I pravideln\u011b v\u00edt\u00e1 na radnici nov\u00e9 ob\u010d\u00e1nky Zl\u00edna.<\/p>\n<p>V dob\u011b v\u00e1no\u010dn\u00edch sv\u00e1tk\u016f nacvi\u010dujeme p\u00e1smo koled. S t\u00edm pak d\u011bl\u00e1me radost nejen rodi\u010d\u016fm, ale i n\u00e1v\u0161t\u011bvn\u00edk\u016fm v\u00e1no\u010dn\u00edch trh\u016f.<\/p>\n","protected":false},"excerpt":{"rendered":"<p>V pr\u016fb\u011bhu sv\u00e9ho trv\u00e1n\u00ed nacvi\u010dily v\u0161echny skupiny souboru \u0159adu p\u00e1sem. N\u011bkter\u00e1 z nich z\u016fst\u00e1vaj\u00ed v reperto\u00e1ru trvale, n\u011bkter\u00e1 ukl\u00e1d\u00e1me a zase vytahujeme ze \u201e\u0161upl\u00edku.\u201c Pravideln\u011b tak\u00e9 tvo\u0159\u00edme a nacvi\u010dujeme nov\u00e1 p\u00e1sma. Do sv\u00fdch po\u0159ad\u016f vyb\u00edr\u00e1me z t\u011bchto p\u00e1sem: Voni\u010dka I. \u201eU muziky\u201c \u201eCo my m\u00e1me na zahrad\u011b\u201c \u201eO pt\u00e1\u010dkoch\u201c \u201eHrajeme si cel\u00fd rok\u201c \u201eM\u00e1me hrnce [&hellip;]<\/p>\n","protected":false},"author":1,"featured_media":0,"parent":0,"menu_order":0,"comment_status":"closed","ping_status":"closed","template":"","meta":{"footnotes":""},"_links":{"self":[{"href":"https:\/\/www.vonicka.eu\/index.php?rest_route=\/wp\/v2\/pages\/10"}],"collection":[{"href":"https:\/\/www.vonicka.eu\/index.php?rest_route=\/wp\/v2\/pages"}],"about":[{"href":"https:\/\/www.vonicka.eu\/index.php?rest_route=\/wp\/v2\/types\/page"}],"author":[{"embeddable":true,"href":"https:\/\/www.vonicka.eu\/index.php?rest_route=\/wp\/v2\/users\/1"}],"replies":[{"embeddable":true,"href":"https:\/\/www.vonicka.eu\/index.php?rest_route=%2Fwp%2Fv2%2Fcomments&post=10"}],"version-history":[{"count":6,"href":"https:\/\/www.vonicka.eu\/index.php?rest_route=\/wp\/v2\/pages\/10\/revisions"}],"predecessor-version":[{"id":478,"href":"https:\/\/www.vonicka.eu\/index.php?rest_route=\/wp\/v2\/pages\/10\/revisions\/478"}],"wp:attachment":[{"href":"https:\/\/www.vonicka.eu\/index.php?rest_route=%2Fwp%2Fv2%2Fmedia&parent=10"}],"curies":[{"name":"wp","href":"https:\/\/api.w.org\/{rel}","templated":true}]}}