{"id":16,"date":"2015-08-25T08:23:39","date_gmt":"2015-08-25T06:23:39","guid":{"rendered":"http:\/\/www.vonicka.eu\/?page_id=16"},"modified":"2025-08-11T20:57:25","modified_gmt":"2025-08-11T18:57:25","slug":"informace-pro-cleny","status":"publish","type":"page","link":"https:\/\/www.vonicka.eu\/?page_id=16","title":{"rendered":"Informace pro \u010dleny"},"content":{"rendered":"<table width=\"100%\">\n<tbody>\n<tr>\n<td class=\"hlavni\"><span style=\"color: #339966;\"><strong>Prvn\u00ed n\u00e1cvik bude 9. 9. 2025<\/strong><\/span><\/p>\n<p><b>N\u00e1cviky ve \u0161koln\u00edm roce 2025\/26 prob\u00edhaj\u00ed v<\/b><strong>\u00a0\u00fater\u00fd\u00a0<\/strong>v obvykl\u00fdch \u010dasech.<\/p>\n<p>Voni\u010dka I\u00a0\u00a0 16h &#8211; 16:45\u00a0 (p\u0159ed\u0161koln\u00ed d\u011bti, s\u00e1l \u010d. 307)<\/p>\n<p>Voni\u010dka II 16h &#8211; 17:45 (mlad\u0161\u00ed \u0161koln\u00ed d\u011bti, s\u00e1l \u010d. 325)<\/p>\n<p>Voni\u010dka III\u00a0 17:45 &#8211; 19h (nejstar\u0161\u00ed \u010dlenov\u00e9, s\u00e1l \u010d. 325)<\/p>\n<p><a href=\"http:\/\/www.vonicka.eu\/wp-content\/uploads\/2025\/08\/2025-26-nabor-letacek.png\"><img loading=\"lazy\" decoding=\"async\" class=\"alignnone  wp-image-712\" src=\"http:\/\/www.vonicka.eu\/wp-content\/uploads\/2025\/08\/2025-26-nabor-letacek-212x300.png\" alt=\"\" width=\"256\" height=\"362\" srcset=\"https:\/\/www.vonicka.eu\/wp-content\/uploads\/2025\/08\/2025-26-nabor-letacek-212x300.png 212w, https:\/\/www.vonicka.eu\/wp-content\/uploads\/2025\/08\/2025-26-nabor-letacek-724x1024.png 724w, https:\/\/www.vonicka.eu\/wp-content\/uploads\/2025\/08\/2025-26-nabor-letacek-768x1086.png 768w, https:\/\/www.vonicka.eu\/wp-content\/uploads\/2025\/08\/2025-26-nabor-letacek-1086x1536.png 1086w, https:\/\/www.vonicka.eu\/wp-content\/uploads\/2025\/08\/2025-26-nabor-letacek.png 1414w\" sizes=\"(max-width: 256px) 100vw, 256px\" \/><\/a><\/td>\n<\/tr>\n<\/tbody>\n<\/table>\n","protected":false},"excerpt":{"rendered":"<p>Prvn\u00ed n\u00e1cvik bude 9. 9. 2025 N\u00e1cviky ve \u0161koln\u00edm roce 2025\/26 prob\u00edhaj\u00ed v\u00a0\u00fater\u00fd\u00a0v obvykl\u00fdch \u010dasech. Voni\u010dka I\u00a0\u00a0 16h &#8211; 16:45\u00a0 (p\u0159ed\u0161koln\u00ed d\u011bti, s\u00e1l \u010d. 307) Voni\u010dka II 16h &#8211; 17:45 (mlad\u0161\u00ed \u0161koln\u00ed d\u011bti, s\u00e1l \u010d. 325) Voni\u010dka III\u00a0 17:45 &#8211; 19h (nejstar\u0161\u00ed \u010dlenov\u00e9, s\u00e1l \u010d. 325)<\/p>\n","protected":false},"author":1,"featured_media":0,"parent":0,"menu_order":0,"comment_status":"closed","ping_status":"closed","template":"","meta":{"footnotes":""},"_links":{"self":[{"href":"https:\/\/www.vonicka.eu\/index.php?rest_route=\/wp\/v2\/pages\/16"}],"collection":[{"href":"https:\/\/www.vonicka.eu\/index.php?rest_route=\/wp\/v2\/pages"}],"about":[{"href":"https:\/\/www.vonicka.eu\/index.php?rest_route=\/wp\/v2\/types\/page"}],"author":[{"embeddable":true,"href":"https:\/\/www.vonicka.eu\/index.php?rest_route=\/wp\/v2\/users\/1"}],"replies":[{"embeddable":true,"href":"https:\/\/www.vonicka.eu\/index.php?rest_route=%2Fwp%2Fv2%2Fcomments&post=16"}],"version-history":[{"count":26,"href":"https:\/\/www.vonicka.eu\/index.php?rest_route=\/wp\/v2\/pages\/16\/revisions"}],"predecessor-version":[{"id":714,"href":"https:\/\/www.vonicka.eu\/index.php?rest_route=\/wp\/v2\/pages\/16\/revisions\/714"}],"wp:attachment":[{"href":"https:\/\/www.vonicka.eu\/index.php?rest_route=%2Fwp%2Fv2%2Fmedia&parent=16"}],"curies":[{"name":"wp","href":"https:\/\/api.w.org\/{rel}","templated":true}]}}