{"id":4,"date":"2015-08-25T08:20:29","date_gmt":"2015-08-25T06:20:29","guid":{"rendered":"http:\/\/www.vonicka.eu\/?page_id=4"},"modified":"2018-08-16T23:21:10","modified_gmt":"2018-08-16T21:21:10","slug":"historie","status":"publish","type":"page","link":"https:\/\/www.vonicka.eu\/?page_id=4","title":{"rendered":"Historie"},"content":{"rendered":"<p><b>D\u011btsk\u00fd folklorn\u00ed soubor Voni\u010dka V\u00e1s v\u00edt\u00e1 na Podlu\u017e\u00ed!<\/b><\/p>\n<p>&nbsp;<\/p>\n<p><img loading=\"lazy\" decoding=\"async\" class=\"alignright\" src=\"http:\/\/www.vonicka.unas.cz\/Zdroje\/historie2.jpg\" alt=\"\" width=\"450\" height=\"337\" \/><\/p>\n<p>&nbsp;<\/p>\n<p>Taky se V\u00e1m to zd\u00e1 n\u011bjak\u00e9 divn\u00e9? Soubor ze Zl\u00edna a Podlu\u017e\u00ed? To n\u011bjak nejde k sob\u011b, \u017ee? To\u017e tro\u0161ku historie:<\/p>\n<p>P\u0159ed druhou sv\u011btovou v\u00e1lkou p\u0159i\u0161lo do Ba\u0165ov\u00fdch z\u00e1vod\u016f ve Zl\u00edn\u011b hodn\u011b mlad\u00fdch lid\u00ed z bl\u00edzk\u00e9ho i vzd\u00e1len\u011bj\u0161\u00edho okol\u00ed. Hodn\u011b jich p\u0159i\u0161lo z Moravsk\u00e9ho Slov\u00e1cka. A proto\u017ee cht\u011bli z\u016fstat alespo\u0148 n\u011bjak\u00fdm zp\u016fsobem v kontaktu s rodn\u00fdm krajem, zalo\u017eili v pr\u016fmyslov\u00e9m Zl\u00edn\u011b Slov\u00e1ck\u00fd kr\u016f\u017eek. Tento si pozd\u011bji vybral n\u00e1zev Vonica.<\/p>\n<p>Aby na rodn\u00fd kraj sv\u00fdch babi\u010dek a d\u011bde\u010dk\u016f nezapomn\u011bli ani jejich potomci, zalo\u017eily v roce 1982 b\u00fdval\u00e9 \u010dlenky Vonice d\u011btsk\u00fd soubor Voni\u010dka. No vlastn\u011b nav\u00e1zaly na\u00a0 \u010dinnost Voni\u010dky, kter\u00e1 u\u017e tu p\u00e1r rok\u016f byla v sedmdes\u00e1t\u00fdch l\u00e9tech.Mezi zakl\u00e1daj\u00edc\u00edmi \u010dleny Slov\u00e1ck\u00e9ho kr\u016f\u017eku bylo hodn\u011b \u010dlen\u016f z nejji\u017en\u011bj\u0161\u00ed \u010d\u00e1sti Slov\u00e1cka, z Podlu\u017e\u00ed. A proto\u017ee je to i rodn\u00fd kraj jedn\u00e9 z vedouc\u00edch souboru, je \u010dinnost Voni\u010dky zam\u011b\u0159ena hlavn\u011b na tuto oblast.<\/p>\n<p><img decoding=\"async\" class=\"alignleft\" src=\"http:\/\/www.vonicka.unas.cz\/Zdroje\/Blanka.jpg\" alt=\"\" align=\"left\" \/>\u00a0\u00a0\u00a0\u00a0 U zrodu dne\u0161n\u00ed Voni\u010dky st\u00e1ly Blanka Janatov\u00e1, Hanka Min\u00e1\u0159ov\u00e1, Ivana Vond\u0159ejcov\u00e1 a Miriam Gerykov\u00e1. B\u011bhem doby se veden\u00ed Voni\u010dky m\u011bnilo. Do d\u011bjin souboru se ale nejv\u00edc zapsaly smutn\u00e9 odchody dvou hlavn\u00edch osobnost\u00ed: v roce 1999 odchod tety Blanky Janatov\u00e9 a v roce 2016 tety Hanky Min\u00e1\u0159ov\u00e9.<\/p>\n<p>Za dobu od zalo\u017een\u00ed a\u017e do dne\u0161n\u00edch dn\u016f pro\u0161lo souborem ji\u017e n\u011bkolik stovek d\u011bt\u00ed ze Zl\u00edna a bl\u00edzk\u00e9ho okol\u00ed. Souborem ale nejen proch\u00e1zely. Hlavn\u011b v\u0161echno, co se nau\u010dily, p\u0159edvedly v cel\u00e9 \u0159ad\u011b v\u011bt\u0161\u00edch, \u010di men\u0161\u00edch vystoupen\u00ed. Vystupovaly na nejr\u016fzn\u011bj\u0161\u00edch festivalech, slavnostech, na mnoha akc\u00edch po\u0159\u00e1dan\u00fdch magistr\u00e1tem m\u011bsta a v domovech d\u016fchodc\u016f. Nejmen\u0161\u00ed d\u011bti pravideln\u011b v\u00edtaj\u00ed na radnici nov\u00e9 ob\u010d\u00e1nky m\u011bsta. Mezi d\u016fle\u017eit\u00e1 vystoupen\u00ed pat\u0159\u00ed spousta sout\u011b\u017e\u00ed a p\u0159ehl\u00eddek, kde v\u0161ichni odhodlan\u011b h\u00e1j\u00edme barvy Podlu\u017e\u00ed. Velice proto v\u0161echny t\u011b\u0161\u00ed, \u017ee n\u00e1s ji\u017e dvakr\u00e1t <img loading=\"lazy\" decoding=\"async\" class=\"alignright wp-image-69 size-medium\" src=\"http:\/\/www.vonicka.eu\/wp-content\/uploads\/2015\/08\/168819_375653432489053_1012838163_n-300x194.jpg\" alt=\"168819_375653432489053_1012838163_n\" width=\"300\" height=\"194\" srcset=\"https:\/\/www.vonicka.eu\/wp-content\/uploads\/2015\/08\/168819_375653432489053_1012838163_n-300x194.jpg 300w, https:\/\/www.vonicka.eu\/wp-content\/uploads\/2015\/08\/168819_375653432489053_1012838163_n.jpg 800w\" sizes=\"(max-width: 300px) 100vw, 300px\" \/>pozv\u00e1n\u00edm na festival Podlu\u017e\u00ed v p\u00edsni a tanci mezi sebe vzali i rodil\u00ed Podlu\u017e\u00e1ci. Nejd\u016fle\u017eit\u011bj\u0161\u00ed ka\u017edoro\u010dn\u00ed akc\u00ed souboru je vystoupen\u00ed na zl\u00ednsk\u00e9 Mal\u00e9 sc\u00e9n\u011b pod n\u00e1zvem &#8222;My sme tady dv\u00e1.&#8220; Soubor si zve ke spolu\u00fa\u010dinkov\u00e1n\u00ed m\u00edstn\u00ed, nebo vzd\u00e1len\u011bj\u0161\u00ed d\u011btsk\u00fd folklorn\u00ed soubor. Vznikaj\u00ed tak nejen nov\u00e1 folklorn\u00ed kamar\u00e1dstv\u00ed, ale d\u011bcka pozn\u00e1vaj\u00ed folkl\u00f3r jin\u00fdch oblast\u00ed .<\/p>\n","protected":false},"excerpt":{"rendered":"<p>D\u011btsk\u00fd folklorn\u00ed soubor Voni\u010dka V\u00e1s v\u00edt\u00e1 na Podlu\u017e\u00ed! &nbsp; &nbsp; Taky se V\u00e1m to zd\u00e1 n\u011bjak\u00e9 divn\u00e9? Soubor ze Zl\u00edna a Podlu\u017e\u00ed? To n\u011bjak nejde k sob\u011b, \u017ee? To\u017e tro\u0161ku historie: P\u0159ed druhou sv\u011btovou v\u00e1lkou p\u0159i\u0161lo do Ba\u0165ov\u00fdch z\u00e1vod\u016f ve Zl\u00edn\u011b hodn\u011b mlad\u00fdch lid\u00ed z bl\u00edzk\u00e9ho i vzd\u00e1len\u011bj\u0161\u00edho okol\u00ed. Hodn\u011b jich p\u0159i\u0161lo z Moravsk\u00e9ho Slov\u00e1cka. [&hellip;]<\/p>\n","protected":false},"author":1,"featured_media":0,"parent":0,"menu_order":0,"comment_status":"closed","ping_status":"closed","template":"","meta":{"footnotes":""},"_links":{"self":[{"href":"https:\/\/www.vonicka.eu\/index.php?rest_route=\/wp\/v2\/pages\/4"}],"collection":[{"href":"https:\/\/www.vonicka.eu\/index.php?rest_route=\/wp\/v2\/pages"}],"about":[{"href":"https:\/\/www.vonicka.eu\/index.php?rest_route=\/wp\/v2\/types\/page"}],"author":[{"embeddable":true,"href":"https:\/\/www.vonicka.eu\/index.php?rest_route=\/wp\/v2\/users\/1"}],"replies":[{"embeddable":true,"href":"https:\/\/www.vonicka.eu\/index.php?rest_route=%2Fwp%2Fv2%2Fcomments&post=4"}],"version-history":[{"count":6,"href":"https:\/\/www.vonicka.eu\/index.php?rest_route=\/wp\/v2\/pages\/4\/revisions"}],"predecessor-version":[{"id":220,"href":"https:\/\/www.vonicka.eu\/index.php?rest_route=\/wp\/v2\/pages\/4\/revisions\/220"}],"wp:attachment":[{"href":"https:\/\/www.vonicka.eu\/index.php?rest_route=%2Fwp%2Fv2%2Fmedia&parent=4"}],"curies":[{"name":"wp","href":"https:\/\/api.w.org\/{rel}","templated":true}]}}